{"id":133,"date":"2024-02-03T12:40:50","date_gmt":"2024-02-03T11:40:50","guid":{"rendered":"https:\/\/lohnbuchhaltung-bodensee.de\/lb\/?page_id=133"},"modified":"2025-01-29T07:36:41","modified_gmt":"2025-01-29T06:36:41","slug":"aktuelles","status":"publish","type":"page","link":"https:\/\/lohnbuchhaltung-bodensee.de\/lb\/aktuelles\/","title":{"rendered":"Besonderheiten"},"content":{"rendered":"\t\t<div data-elementor-type=\"wp-page\" data-elementor-id=\"133\" class=\"elementor elementor-133\">\n\t\t\t\t<div class=\"elementor-element elementor-element-c6ba2db e-flex e-con-boxed e-con e-parent\" data-id=\"c6ba2db\" data-element_type=\"container\" data-settings=\"{&quot;background_background&quot;:&quot;gradient&quot;}\">\n\t\t\t\t\t<div class=\"e-con-inner\">\n\t\t<div class=\"elementor-element elementor-element-b4ec057 e-flex e-con-boxed e-con e-child\" data-id=\"b4ec057\" data-element_type=\"container\" data-settings=\"{&quot;background_background&quot;:&quot;gradient&quot;}\">\n\t\t\t\t\t<div class=\"e-con-inner\">\n\t\t\t\t<div class=\"elementor-element elementor-element-4b11e07 elementor-widget-divider--view-line elementor-widget elementor-widget-divider\" data-id=\"4b11e07\" data-element_type=\"widget\" data-widget_type=\"divider.default\">\n\t\t\t\t<div class=\"elementor-widget-container\">\n\t\t\t\t\t\t\t<div class=\"elementor-divider\">\n\t\t\t<span class=\"elementor-divider-separator\">\n\t\t\t\t\t\t<\/span>\n\t\t<\/div>\n\t\t\t\t\t\t<\/div>\n\t\t\t\t<\/div>\n\t\t\t\t<div class=\"elementor-element elementor-element-51e321d elementor-widget elementor-widget-heading\" data-id=\"51e321d\" data-element_type=\"widget\" data-widget_type=\"heading.default\">\n\t\t\t\t<div class=\"elementor-widget-container\">\n\t\t\t\t\t<h2 class=\"elementor-heading-title elementor-size-default\">Besonderheiten<\/h2>\t\t\t\t<\/div>\n\t\t\t\t<\/div>\n\t\t\t\t<div class=\"elementor-element elementor-element-579883e elementor-widget-divider--view-line elementor-widget elementor-widget-divider\" data-id=\"579883e\" data-element_type=\"widget\" data-widget_type=\"divider.default\">\n\t\t\t\t<div class=\"elementor-widget-container\">\n\t\t\t\t\t\t\t<div class=\"elementor-divider\">\n\t\t\t<span class=\"elementor-divider-separator\">\n\t\t\t\t\t\t<\/span>\n\t\t<\/div>\n\t\t\t\t\t\t<\/div>\n\t\t\t\t<\/div>\n\t\t\t\t<div class=\"elementor-element elementor-element-353a70b elementor-widget elementor-widget-text-editor\" data-id=\"353a70b\" data-element_type=\"widget\" data-widget_type=\"text-editor.default\">\n\t\t\t\t<div class=\"elementor-widget-container\">\n\t\t\t\t\t\t\t\t\t<p><strong>Unser Angebot speziell f\u00fcr Steuerberater und Bauunternehmer<\/strong><\/p><p>Die Baulohnabrechnung weist einige branchenspezifische Besonderheiten auf, die ein spezielles Vorgehen erfordern.<\/p><p>Ohne Fachkenntnisse ergeben sich hier viele Fehlerquellen, die fr\u00fcher oder sp\u00e4ter zu Problemen f\u00fchren k\u00f6nnen.<\/p><p>Nicht nur Kanzleien, sondern auch Sie als Bauunternehmer profitieren hier von unserem langj\u00e4hrigen speziellen Fachwissen.<\/p><p>Sie ben\u00f6tigen Unterst\u00fctzung bei der Baulohnabrechnung?<\/p><p>\u00a0<\/p><p><strong>Ihre Vorteile auf einen Blick<\/strong><\/p>\t\t\t\t\t\t\t\t<\/div>\n\t\t\t\t<\/div>\n\t\t<div class=\"elementor-element elementor-element-4299423 e-flex e-con-boxed e-con e-child\" data-id=\"4299423\" data-element_type=\"container\">\n\t\t\t\t\t<div class=\"e-con-inner\">\n\t\t\t\t<div class=\"elementor-element elementor-element-be86573 elementor-widget__width-initial elementor-widget-tablet__width-initial elementor-widget elementor-widget-spacer\" data-id=\"be86573\" data-element_type=\"widget\" data-widget_type=\"spacer.default\">\n\t\t\t\t<div class=\"elementor-widget-container\">\n\t\t\t\t\t\t\t<div class=\"elementor-spacer\">\n\t\t\t<div class=\"elementor-spacer-inner\"><\/div>\n\t\t<\/div>\n\t\t\t\t\t\t<\/div>\n\t\t\t\t<\/div>\n\t\t\t\t<div class=\"elementor-element elementor-element-dd5c302 elementor-widget elementor-widget-text-editor\" data-id=\"dd5c302\" data-element_type=\"widget\" data-widget_type=\"text-editor.default\">\n\t\t\t\t<div class=\"elementor-widget-container\">\n\t\t\t\t\t\t\t\t\t<ul><li>Sie m\u00fcssen kein Personal mehr f\u00fcr diesen Bereich suchen, einstellen oder abstellen<\/li><li>Sie k\u00f6nnen alle Mandate bzw. die Anbindung an Ihren Steuerberater im bestehenden System weiterf\u00fchren<\/li><li>Wissensvorsprung durch spezifisches Fachwissen, ein beruhigendes Gef\u00fchl der Sicherheit<\/li><li>Durch Remote nicht nur regional sondern auch deutschlandweit m\u00f6glich<\/li><\/ul>\t\t\t\t\t\t\t\t<\/div>\n\t\t\t\t<\/div>\n\t\t\t\t\t<\/div>\n\t\t\t\t<\/div>\n\t\t\t\t<div class=\"elementor-element elementor-element-48d5369 elementor-widget elementor-widget-text-editor\" data-id=\"48d5369\" data-element_type=\"widget\" data-widget_type=\"text-editor.default\">\n\t\t\t\t<div class=\"elementor-widget-container\">\n\t\t\t\t\t\t\t\t\t<p>Bei Interesse nehmen Sie gerne Kontakt mit uns auf:<\/p><p><strong><a href=\"mailto:Info@lohnbuchhaltung-bodensee.de\">Info@lohnbuchhaltung-bodensee.de<\/a><\/strong><\/p><p><a href=\"tel:075135955770\"><strong>0751-35955770<\/strong><\/a><\/p>\t\t\t\t\t\t\t\t<\/div>\n\t\t\t\t<\/div>\n\t\t\t\t<div class=\"elementor-element elementor-element-dfba05c elementor-align-center elementor-widget elementor-widget-button\" data-id=\"dfba05c\" data-element_type=\"widget\" data-widget_type=\"button.default\">\n\t\t\t\t<div class=\"elementor-widget-container\">\n\t\t\t\t\t\t\t\t\t<div class=\"elementor-button-wrapper\">\n\t\t\t\t\t<a class=\"elementor-button elementor-button-link elementor-size-sm elementor-animation-shrink\" href=\"https:\/\/lohnbuchhaltung-bodensee.de\/lb\/kontaktformular\/\">\n\t\t\t\t\t\t<span class=\"elementor-button-content-wrapper\">\n\t\t\t\t\t\t<span class=\"elementor-button-icon\">\n\t\t\t\t<svg aria-hidden=\"true\" class=\"e-font-icon-svg e-fas-comment-alt\" viewBox=\"0 0 512 512\" xmlns=\"http:\/\/www.w3.org\/2000\/svg\"><path d=\"M448 0H64C28.7 0 0 28.7 0 64v288c0 35.3 28.7 64 64 64h96v84c0 9.8 11.2 15.5 19.1 9.7L304 416h144c35.3 0 64-28.7 64-64V64c0-35.3-28.7-64-64-64z\"><\/path><\/svg>\t\t\t<\/span>\n\t\t\t\t\t\t\t\t\t<span class=\"elementor-button-text\">Kontaktformular<\/span>\n\t\t\t\t\t<\/span>\n\t\t\t\t\t<\/a>\n\t\t\t\t<\/div>\n\t\t\t\t\t\t\t\t<\/div>\n\t\t\t\t<\/div>\n\t\t\t\t\t<\/div>\n\t\t\t\t<\/div>\n\t\t\t\t<div class=\"elementor-element elementor-element-df4a640 elementor-widget-divider--view-line elementor-widget elementor-widget-divider\" data-id=\"df4a640\" data-element_type=\"widget\" data-widget_type=\"divider.default\">\n\t\t\t\t<div class=\"elementor-widget-container\">\n\t\t\t\t\t\t\t<div class=\"elementor-divider\">\n\t\t\t<span class=\"elementor-divider-separator\">\n\t\t\t\t\t\t<\/span>\n\t\t<\/div>\n\t\t\t\t\t\t<\/div>\n\t\t\t\t<\/div>\n\t\t\t\t\t<\/div>\n\t\t\t\t<\/div>\n\t\t<div class=\"elementor-element elementor-element-91f9f61 e-flex e-con-boxed e-con e-child\" data-id=\"91f9f61\" data-element_type=\"container\">\n\t\t\t\t\t<div class=\"e-con-inner\">\n\t\t\t\t<div class=\"elementor-element elementor-element-c3c193b elementor-align-center elementor-widget elementor-widget-button\" data-id=\"c3c193b\" data-element_type=\"widget\" data-widget_type=\"button.default\">\n\t\t\t\t<div class=\"elementor-widget-container\">\n\t\t\t\t\t\t\t\t\t<div class=\"elementor-button-wrapper\">\n\t\t\t\t\t<a class=\"elementor-button elementor-button-link elementor-size-sm elementor-animation-shrink\" href=\"https:\/\/lohnbuchhaltung-bodensee.de\/lb\/\">\n\t\t\t\t\t\t<span class=\"elementor-button-content-wrapper\">\n\t\t\t\t\t\t\t\t\t<span class=\"elementor-button-text\">Home<\/span>\n\t\t\t\t\t<\/span>\n\t\t\t\t\t<\/a>\n\t\t\t\t<\/div>\n\t\t\t\t\t\t\t\t<\/div>\n\t\t\t\t<\/div>\n\t\t\t\t<div class=\"elementor-element elementor-element-43aac3a elementor-align-center elementor-widget elementor-widget-button\" data-id=\"43aac3a\" data-element_type=\"widget\" data-widget_type=\"button.default\">\n\t\t\t\t<div class=\"elementor-widget-container\">\n\t\t\t\t\t\t\t\t\t<div class=\"elementor-button-wrapper\">\n\t\t\t\t\t<a class=\"elementor-button elementor-button-link elementor-size-sm elementor-animation-shrink\" href=\"https:\/\/lohnbuchhaltung-bodensee.de\/lb\/dienstleistungen\/\">\n\t\t\t\t\t\t<span class=\"elementor-button-content-wrapper\">\n\t\t\t\t\t\t\t\t\t<span class=\"elementor-button-text\">Dienstleisungen<\/span>\n\t\t\t\t\t<\/span>\n\t\t\t\t\t<\/a>\n\t\t\t\t<\/div>\n\t\t\t\t\t\t\t\t<\/div>\n\t\t\t\t<\/div>\n\t\t\t\t<div class=\"elementor-element elementor-element-709876c elementor-widget elementor-widget-button\" data-id=\"709876c\" data-element_type=\"widget\" data-widget_type=\"button.default\">\n\t\t\t\t<div class=\"elementor-widget-container\">\n\t\t\t\t\t\t\t\t\t<div class=\"elementor-button-wrapper\">\n\t\t\t\t\t<a class=\"elementor-button elementor-button-link elementor-size-sm elementor-animation-shrink\" href=\"https:\/\/lohnbuchhaltung-bodensee.de\/lb\/ueber-uns\/\">\n\t\t\t\t\t\t<span class=\"elementor-button-content-wrapper\">\n\t\t\t\t\t\t\t\t\t<span class=\"elementor-button-text\">Team<\/span>\n\t\t\t\t\t<\/span>\n\t\t\t\t\t<\/a>\n\t\t\t\t<\/div>\n\t\t\t\t\t\t\t\t<\/div>\n\t\t\t\t<\/div>\n\t\t\t\t<div class=\"elementor-element elementor-element-53bf9e0 elementor-align-center elementor-widget elementor-widget-button\" data-id=\"53bf9e0\" data-element_type=\"widget\" data-widget_type=\"button.default\">\n\t\t\t\t<div class=\"elementor-widget-container\">\n\t\t\t\t\t\t\t\t\t<div class=\"elementor-button-wrapper\">\n\t\t\t\t\t<a class=\"elementor-button elementor-button-link elementor-size-sm elementor-animation-shrink\" href=\"https:\/\/lohnbuchhaltung-bodensee.de\/lb\/aktuelles\/\">\n\t\t\t\t\t\t<span class=\"elementor-button-content-wrapper\">\n\t\t\t\t\t\t\t\t\t<span class=\"elementor-button-text\">Besonderheiten<\/span>\n\t\t\t\t\t<\/span>\n\t\t\t\t\t<\/a>\n\t\t\t\t<\/div>\n\t\t\t\t\t\t\t\t<\/div>\n\t\t\t\t<\/div>\n\t\t\t\t<div class=\"elementor-element elementor-element-f2faff8 elementor-align-center elementor-widget elementor-widget-button\" data-id=\"f2faff8\" data-element_type=\"widget\" data-widget_type=\"button.default\">\n\t\t\t\t<div class=\"elementor-widget-container\">\n\t\t\t\t\t\t\t\t\t<div class=\"elementor-button-wrapper\">\n\t\t\t\t\t<a class=\"elementor-button elementor-button-link elementor-size-sm elementor-animation-shrink\" href=\"https:\/\/lohnbuchhaltung-bodensee.de\/lb\/kontakt\/\">\n\t\t\t\t\t\t<span class=\"elementor-button-content-wrapper\">\n\t\t\t\t\t\t\t\t\t<span class=\"elementor-button-text\">Kontakt<\/span>\n\t\t\t\t\t<\/span>\n\t\t\t\t\t<\/a>\n\t\t\t\t<\/div>\n\t\t\t\t\t\t\t\t<\/div>\n\t\t\t\t<\/div>\n\t\t\t\t<div class=\"elementor-element elementor-element-b82b747 elementor-align-center elementor-widget elementor-widget-button\" data-id=\"b82b747\" data-element_type=\"widget\" data-widget_type=\"button.default\">\n\t\t\t\t<div class=\"elementor-widget-container\">\n\t\t\t\t\t\t\t\t\t<div class=\"elementor-button-wrapper\">\n\t\t\t\t\t<a class=\"elementor-button elementor-button-link elementor-size-sm elementor-animation-shrink\" href=\"https:\/\/lohnbuchhaltung-bodensee.de\/lb\/unsere-partner\/\">\n\t\t\t\t\t\t<span class=\"elementor-button-content-wrapper\">\n\t\t\t\t\t\t\t\t\t<span class=\"elementor-button-text\">Unsere Partner<\/span>\n\t\t\t\t\t<\/span>\n\t\t\t\t\t<\/a>\n\t\t\t\t<\/div>\n\t\t\t\t\t\t\t\t<\/div>\n\t\t\t\t<\/div>\n\t\t\t\t<div class=\"elementor-element elementor-element-c374831 elementor-align-center elementor-widget elementor-widget-button\" data-id=\"c374831\" data-element_type=\"widget\" data-widget_type=\"button.default\">\n\t\t\t\t<div class=\"elementor-widget-container\">\n\t\t\t\t\t\t\t\t\t<div class=\"elementor-button-wrapper\">\n\t\t\t\t\t<a class=\"elementor-button elementor-button-link elementor-size-sm elementor-animation-shrink\" href=\"https:\/\/lohnbuchhaltung-bodensee.de\/lb\/downloads\/\">\n\t\t\t\t\t\t<span class=\"elementor-button-content-wrapper\">\n\t\t\t\t\t\t\t\t\t<span class=\"elementor-button-text\">Downloads<\/span>\n\t\t\t\t\t<\/span>\n\t\t\t\t\t<\/a>\n\t\t\t\t<\/div>\n\t\t\t\t\t\t\t\t<\/div>\n\t\t\t\t<\/div>\n\t\t\t\t\t<\/div>\n\t\t\t\t<\/div>\n\t\t\t\t<\/div>\n\t\t","protected":false},"excerpt":{"rendered":"<p>Besonderheiten Unser Angebot speziell f\u00fcr Steuerberater und Bauunternehmer Die Baulohnabrechnung weist einige branchenspezifische Besonderheiten auf, die ein spezielles Vorgehen erfordern. Ohne Fachkenntnisse ergeben sich hier viele Fehlerquellen, die fr\u00fcher oder sp\u00e4ter zu Problemen f\u00fchren k\u00f6nnen. Nicht nur Kanzleien, sondern auch Sie als Bauunternehmer profitieren hier von unserem langj\u00e4hrigen speziellen Fachwissen. Sie ben\u00f6tigen Unterst\u00fctzung bei der [&hellip;]<\/p>\n","protected":false},"author":2,"featured_media":0,"parent":0,"menu_order":0,"comment_status":"closed","ping_status":"closed","template":"","meta":{"ocean_post_layout":"full-screen","ocean_both_sidebars_style":"","ocean_both_sidebars_content_width":0,"ocean_both_sidebars_sidebars_width":0,"ocean_sidebar":"","ocean_second_sidebar":"","ocean_disable_margins":"enable","ocean_add_body_class":"","ocean_shortcode_before_top_bar":"","ocean_shortcode_after_top_bar":"","ocean_shortcode_before_header":"","ocean_shortcode_after_header":"","ocean_has_shortcode":"","ocean_shortcode_after_title":"","ocean_shortcode_before_footer_widgets":"","ocean_shortcode_after_footer_widgets":"","ocean_shortcode_before_footer_bottom":"","ocean_shortcode_after_footer_bottom":"","ocean_display_top_bar":"off","ocean_display_header":"default","ocean_header_style":"","ocean_center_header_left_menu":"","ocean_custom_header_template":"","ocean_custom_logo":0,"ocean_custom_retina_logo":0,"ocean_custom_logo_max_width":0,"ocean_custom_logo_tablet_max_width":0,"ocean_custom_logo_mobile_max_width":0,"ocean_custom_logo_max_height":0,"ocean_custom_logo_tablet_max_height":0,"ocean_custom_logo_mobile_max_height":0,"ocean_header_custom_menu":"","ocean_menu_typo_font_family":"","ocean_menu_typo_font_subset":"","ocean_menu_typo_font_size":0,"ocean_menu_typo_font_size_tablet":0,"ocean_menu_typo_font_size_mobile":0,"ocean_menu_typo_font_size_unit":"px","ocean_menu_typo_font_weight":"","ocean_menu_typo_font_weight_tablet":"","ocean_menu_typo_font_weight_mobile":"","ocean_menu_typo_transform":"","ocean_menu_typo_transform_tablet":"","ocean_menu_typo_transform_mobile":"","ocean_menu_typo_line_height":0,"ocean_menu_typo_line_height_tablet":0,"ocean_menu_typo_line_height_mobile":0,"ocean_menu_typo_line_height_unit":"","ocean_menu_typo_spacing":0,"ocean_menu_typo_spacing_tablet":0,"ocean_menu_typo_spacing_mobile":0,"ocean_menu_typo_spacing_unit":"","ocean_menu_link_color":"","ocean_menu_link_color_hover":"","ocean_menu_link_color_active":"","ocean_menu_link_background":"","ocean_menu_link_hover_background":"","ocean_menu_link_active_background":"","ocean_menu_social_links_bg":"","ocean_menu_social_hover_links_bg":"","ocean_menu_social_links_color":"","ocean_menu_social_hover_links_color":"","ocean_disable_title":"on","ocean_disable_heading":"default","ocean_post_title":"","ocean_post_subheading":"","ocean_post_title_style":"","ocean_post_title_background_color":"","ocean_post_title_background":0,"ocean_post_title_bg_image_position":"","ocean_post_title_bg_image_attachment":"","ocean_post_title_bg_image_repeat":"","ocean_post_title_bg_image_size":"","ocean_post_title_height":0,"ocean_post_title_bg_overlay":0.5,"ocean_post_title_bg_overlay_color":"","ocean_disable_breadcrumbs":"default","ocean_breadcrumbs_color":"","ocean_breadcrumbs_separator_color":"","ocean_breadcrumbs_links_color":"","ocean_breadcrumbs_links_hover_color":"","ocean_display_footer_widgets":"on","ocean_display_footer_bottom":"on","ocean_custom_footer_template":"","footnotes":""},"class_list":["post-133","page","type-page","status-publish","hentry","entry"],"yoast_head":"<!-- This site is optimized with the Yoast SEO plugin v24.3 - https:\/\/yoast.com\/wordpress\/plugins\/seo\/ -->\n<title>Besonderheiten - Lohnbuchhaltung Bodensee<\/title>\n<meta name=\"robots\" content=\"index, follow, max-snippet:-1, max-image-preview:large, max-video-preview:-1\" \/>\n<link rel=\"canonical\" href=\"https:\/\/lohnbuchhaltung-bodensee.de\/lb\/aktuelles\/\" \/>\n<meta property=\"og:locale\" content=\"de_DE\" \/>\n<meta property=\"og:type\" content=\"article\" \/>\n<meta property=\"og:title\" content=\"Besonderheiten - Lohnbuchhaltung Bodensee\" \/>\n<meta property=\"og:description\" content=\"Besonderheiten Unser Angebot speziell f\u00fcr Steuerberater und Bauunternehmer Die Baulohnabrechnung weist einige branchenspezifische Besonderheiten auf, die ein spezielles Vorgehen erfordern. Ohne Fachkenntnisse ergeben sich hier viele Fehlerquellen, die fr\u00fcher oder sp\u00e4ter zu Problemen f\u00fchren k\u00f6nnen. Nicht nur Kanzleien, sondern auch Sie als Bauunternehmer profitieren hier von unserem langj\u00e4hrigen speziellen Fachwissen. Sie ben\u00f6tigen Unterst\u00fctzung bei der [&hellip;]\" \/>\n<meta property=\"og:url\" content=\"https:\/\/lohnbuchhaltung-bodensee.de\/lb\/aktuelles\/\" \/>\n<meta property=\"og:site_name\" content=\"Lohnbuchhaltung Bodensee\" \/>\n<meta property=\"article:modified_time\" content=\"2025-01-29T06:36:41+00:00\" \/>\n<meta name=\"twitter:card\" content=\"summary_large_image\" \/>\n<meta name=\"twitter:label1\" content=\"Gesch\u00e4tzte Lesezeit\" \/>\n\t<meta name=\"twitter:data1\" content=\"1\u00a0Minute\" \/>\n<script type=\"application\/ld+json\" class=\"yoast-schema-graph\">{\"@context\":\"https:\/\/schema.org\",\"@graph\":[{\"@type\":\"WebPage\",\"@id\":\"https:\/\/lohnbuchhaltung-bodensee.de\/lb\/aktuelles\/\",\"url\":\"https:\/\/lohnbuchhaltung-bodensee.de\/lb\/aktuelles\/\",\"name\":\"Besonderheiten - Lohnbuchhaltung Bodensee\",\"isPartOf\":{\"@id\":\"https:\/\/lohnbuchhaltung-bodensee.de\/lb\/#website\"},\"datePublished\":\"2024-02-03T11:40:50+00:00\",\"dateModified\":\"2025-01-29T06:36:41+00:00\",\"breadcrumb\":{\"@id\":\"https:\/\/lohnbuchhaltung-bodensee.de\/lb\/aktuelles\/#breadcrumb\"},\"inLanguage\":\"de\",\"potentialAction\":[{\"@type\":\"ReadAction\",\"target\":[\"https:\/\/lohnbuchhaltung-bodensee.de\/lb\/aktuelles\/\"]}]},{\"@type\":\"BreadcrumbList\",\"@id\":\"https:\/\/lohnbuchhaltung-bodensee.de\/lb\/aktuelles\/#breadcrumb\",\"itemListElement\":[{\"@type\":\"ListItem\",\"position\":1,\"name\":\"Startseite\",\"item\":\"https:\/\/lohnbuchhaltung-bodensee.de\/lb\/\"},{\"@type\":\"ListItem\",\"position\":2,\"name\":\"Besonderheiten\"}]},{\"@type\":\"WebSite\",\"@id\":\"https:\/\/lohnbuchhaltung-bodensee.de\/lb\/#website\",\"url\":\"https:\/\/lohnbuchhaltung-bodensee.de\/lb\/\",\"name\":\"Heike Exler Lohnbuchhaltung Bodensee\",\"description\":\"\",\"publisher\":{\"@id\":\"https:\/\/lohnbuchhaltung-bodensee.de\/lb\/#organization\"},\"alternateName\":\"Heike Exler Lohnbuchhaltung Bodensee L\u00f6hne Lohn Abrechnung Baulohn\",\"potentialAction\":[{\"@type\":\"SearchAction\",\"target\":{\"@type\":\"EntryPoint\",\"urlTemplate\":\"https:\/\/lohnbuchhaltung-bodensee.de\/lb\/?s={search_term_string}\"},\"query-input\":{\"@type\":\"PropertyValueSpecification\",\"valueRequired\":true,\"valueName\":\"search_term_string\"}}],\"inLanguage\":\"de\"},{\"@type\":\"Organization\",\"@id\":\"https:\/\/lohnbuchhaltung-bodensee.de\/lb\/#organization\",\"name\":\"Heike Exler Lohnbuchhaltung Bodensee\",\"url\":\"https:\/\/lohnbuchhaltung-bodensee.de\/lb\/\",\"logo\":{\"@type\":\"ImageObject\",\"inLanguage\":\"de\",\"@id\":\"https:\/\/lohnbuchhaltung-bodensee.de\/lb\/#\/schema\/logo\/image\/\",\"url\":\"https:\/\/lohnbuchhaltung-bodensee.de\/lb\/wp-content\/uploads\/2024\/06\/image001.png\",\"contentUrl\":\"https:\/\/lohnbuchhaltung-bodensee.de\/lb\/wp-content\/uploads\/2024\/06\/image001.png\",\"width\":788,\"height\":292,\"caption\":\"Heike Exler Lohnbuchhaltung Bodensee\"},\"image\":{\"@id\":\"https:\/\/lohnbuchhaltung-bodensee.de\/lb\/#\/schema\/logo\/image\/\"}}]}<\/script>\n<!-- \/ Yoast SEO plugin. -->","yoast_head_json":{"title":"Besonderheiten - Lohnbuchhaltung Bodensee","robots":{"index":"index","follow":"follow","max-snippet":"max-snippet:-1","max-image-preview":"max-image-preview:large","max-video-preview":"max-video-preview:-1"},"canonical":"https:\/\/lohnbuchhaltung-bodensee.de\/lb\/aktuelles\/","og_locale":"de_DE","og_type":"article","og_title":"Besonderheiten - Lohnbuchhaltung Bodensee","og_description":"Besonderheiten Unser Angebot speziell f\u00fcr Steuerberater und Bauunternehmer Die Baulohnabrechnung weist einige branchenspezifische Besonderheiten auf, die ein spezielles Vorgehen erfordern. Ohne Fachkenntnisse ergeben sich hier viele Fehlerquellen, die fr\u00fcher oder sp\u00e4ter zu Problemen f\u00fchren k\u00f6nnen. Nicht nur Kanzleien, sondern auch Sie als Bauunternehmer profitieren hier von unserem langj\u00e4hrigen speziellen Fachwissen. Sie ben\u00f6tigen Unterst\u00fctzung bei der [&hellip;]","og_url":"https:\/\/lohnbuchhaltung-bodensee.de\/lb\/aktuelles\/","og_site_name":"Lohnbuchhaltung Bodensee","article_modified_time":"2025-01-29T06:36:41+00:00","twitter_card":"summary_large_image","twitter_misc":{"Gesch\u00e4tzte Lesezeit":"1\u00a0Minute"},"schema":{"@context":"https:\/\/schema.org","@graph":[{"@type":"WebPage","@id":"https:\/\/lohnbuchhaltung-bodensee.de\/lb\/aktuelles\/","url":"https:\/\/lohnbuchhaltung-bodensee.de\/lb\/aktuelles\/","name":"Besonderheiten - Lohnbuchhaltung Bodensee","isPartOf":{"@id":"https:\/\/lohnbuchhaltung-bodensee.de\/lb\/#website"},"datePublished":"2024-02-03T11:40:50+00:00","dateModified":"2025-01-29T06:36:41+00:00","breadcrumb":{"@id":"https:\/\/lohnbuchhaltung-bodensee.de\/lb\/aktuelles\/#breadcrumb"},"inLanguage":"de","potentialAction":[{"@type":"ReadAction","target":["https:\/\/lohnbuchhaltung-bodensee.de\/lb\/aktuelles\/"]}]},{"@type":"BreadcrumbList","@id":"https:\/\/lohnbuchhaltung-bodensee.de\/lb\/aktuelles\/#breadcrumb","itemListElement":[{"@type":"ListItem","position":1,"name":"Startseite","item":"https:\/\/lohnbuchhaltung-bodensee.de\/lb\/"},{"@type":"ListItem","position":2,"name":"Besonderheiten"}]},{"@type":"WebSite","@id":"https:\/\/lohnbuchhaltung-bodensee.de\/lb\/#website","url":"https:\/\/lohnbuchhaltung-bodensee.de\/lb\/","name":"Heike Exler Lohnbuchhaltung Bodensee","description":"","publisher":{"@id":"https:\/\/lohnbuchhaltung-bodensee.de\/lb\/#organization"},"alternateName":"Heike Exler Lohnbuchhaltung Bodensee L\u00f6hne Lohn Abrechnung Baulohn","potentialAction":[{"@type":"SearchAction","target":{"@type":"EntryPoint","urlTemplate":"https:\/\/lohnbuchhaltung-bodensee.de\/lb\/?s={search_term_string}"},"query-input":{"@type":"PropertyValueSpecification","valueRequired":true,"valueName":"search_term_string"}}],"inLanguage":"de"},{"@type":"Organization","@id":"https:\/\/lohnbuchhaltung-bodensee.de\/lb\/#organization","name":"Heike Exler Lohnbuchhaltung Bodensee","url":"https:\/\/lohnbuchhaltung-bodensee.de\/lb\/","logo":{"@type":"ImageObject","inLanguage":"de","@id":"https:\/\/lohnbuchhaltung-bodensee.de\/lb\/#\/schema\/logo\/image\/","url":"https:\/\/lohnbuchhaltung-bodensee.de\/lb\/wp-content\/uploads\/2024\/06\/image001.png","contentUrl":"https:\/\/lohnbuchhaltung-bodensee.de\/lb\/wp-content\/uploads\/2024\/06\/image001.png","width":788,"height":292,"caption":"Heike Exler Lohnbuchhaltung Bodensee"},"image":{"@id":"https:\/\/lohnbuchhaltung-bodensee.de\/lb\/#\/schema\/logo\/image\/"}}]}},"_links":{"self":[{"href":"https:\/\/lohnbuchhaltung-bodensee.de\/lb\/wp-json\/wp\/v2\/pages\/133","targetHints":{"allow":["GET"]}}],"collection":[{"href":"https:\/\/lohnbuchhaltung-bodensee.de\/lb\/wp-json\/wp\/v2\/pages"}],"about":[{"href":"https:\/\/lohnbuchhaltung-bodensee.de\/lb\/wp-json\/wp\/v2\/types\/page"}],"author":[{"embeddable":true,"href":"https:\/\/lohnbuchhaltung-bodensee.de\/lb\/wp-json\/wp\/v2\/users\/2"}],"replies":[{"embeddable":true,"href":"https:\/\/lohnbuchhaltung-bodensee.de\/lb\/wp-json\/wp\/v2\/comments?post=133"}],"version-history":[{"count":90,"href":"https:\/\/lohnbuchhaltung-bodensee.de\/lb\/wp-json\/wp\/v2\/pages\/133\/revisions"}],"predecessor-version":[{"id":856,"href":"https:\/\/lohnbuchhaltung-bodensee.de\/lb\/wp-json\/wp\/v2\/pages\/133\/revisions\/856"}],"wp:attachment":[{"href":"https:\/\/lohnbuchhaltung-bodensee.de\/lb\/wp-json\/wp\/v2\/media?parent=133"}],"curies":[{"name":"wp","href":"https:\/\/api.w.org\/{rel}","templated":true}]}}