{"id":140,"date":"2024-02-03T12:42:53","date_gmt":"2024-02-03T11:42:53","guid":{"rendered":"https:\/\/lohnbuchhaltung-bodensee.de\/lb\/?page_id=140"},"modified":"2024-04-20T10:12:44","modified_gmt":"2024-04-20T08:12:44","slug":"dienstleistungen","status":"publish","type":"page","link":"https:\/\/lohnbuchhaltung-bodensee.de\/lb\/dienstleistungen\/","title":{"rendered":"Dienstleistungen"},"content":{"rendered":"\t\t<div data-elementor-type=\"wp-page\" data-elementor-id=\"140\" class=\"elementor elementor-140\">\n\t\t\t\t<div class=\"elementor-element elementor-element-8f6f605 e-con-full e-flex e-con e-parent\" data-id=\"8f6f605\" data-element_type=\"container\" data-settings=\"{&quot;background_background&quot;:&quot;gradient&quot;}\">\n\t\t\t\t<div class=\"elementor-element elementor-element-9a8ce09 elementor-widget-divider--view-line elementor-widget elementor-widget-divider\" data-id=\"9a8ce09\" data-element_type=\"widget\" data-widget_type=\"divider.default\">\n\t\t\t\t<div class=\"elementor-widget-container\">\n\t\t\t\t\t\t\t<div class=\"elementor-divider\">\n\t\t\t<span class=\"elementor-divider-separator\">\n\t\t\t\t\t\t<\/span>\n\t\t<\/div>\n\t\t\t\t\t\t<\/div>\n\t\t\t\t<\/div>\n\t\t\t\t<div class=\"elementor-element elementor-element-2cd4863 elementor-widget elementor-widget-heading\" data-id=\"2cd4863\" data-element_type=\"widget\" data-widget_type=\"heading.default\">\n\t\t\t\t<div class=\"elementor-widget-container\">\n\t\t\t\t\t<h2 class=\"elementor-heading-title elementor-size-default\">UNSERE<\/h2>\t\t\t\t<\/div>\n\t\t\t\t<\/div>\n\t\t\t\t<div class=\"elementor-element elementor-element-f7e0352 elementor-widget-mobile__width-initial elementor-widget elementor-widget-heading\" data-id=\"f7e0352\" data-element_type=\"widget\" data-widget_type=\"heading.default\">\n\t\t\t\t<div class=\"elementor-widget-container\">\n\t\t\t\t\t<h2 class=\"elementor-heading-title elementor-size-default\">DIENSTLEISTUNGEN<\/h2>\t\t\t\t<\/div>\n\t\t\t\t<\/div>\n\t\t\t\t<div class=\"elementor-element elementor-element-fe67153 elementor-widget-divider--view-line elementor-widget elementor-widget-divider\" data-id=\"fe67153\" data-element_type=\"widget\" data-widget_type=\"divider.default\">\n\t\t\t\t<div class=\"elementor-widget-container\">\n\t\t\t\t\t\t\t<div class=\"elementor-divider\">\n\t\t\t<span class=\"elementor-divider-separator\">\n\t\t\t\t\t\t<\/span>\n\t\t<\/div>\n\t\t\t\t\t\t<\/div>\n\t\t\t\t<\/div>\n\t\t<div class=\"elementor-element elementor-element-fa4757c e-flex e-con-boxed e-con e-child\" data-id=\"fa4757c\" data-element_type=\"container\">\n\t\t\t\t\t<div class=\"e-con-inner\">\n\t\t\t\t<div class=\"elementor-element elementor-element-82ed1d1 elementor-widget elementor-widget-text-editor\" data-id=\"82ed1d1\" data-element_type=\"widget\" data-widget_type=\"text-editor.default\">\n\t\t\t\t<div class=\"elementor-widget-container\">\n\t\t\t\t\t\t\t\t\t<ul><li>Erstellung von <strong>Lohn- und Gehaltsabrechnungen<\/strong> f\u00fcr Firmen unterschiedlicher Rechtsformen und Branchen sowie damit einhergehend monatliche und j\u00e4hrliche Meldungen<\/li><li>Erstellung von <strong>Bescheinigung und Korrespondenz mit Sozialversicherungstr\u00e4gern und Finanzbeh\u00f6rden<\/strong><\/li><li><strong>Review von Lohnabrechnungen<\/strong> und verwandten Fragestellungen\/Bescheinigungen<\/li><li>Mitwirkung bei der <strong>Beantwortung lohnsteuerlicher und sozialversicherungsrechtlicher Fragestellungen<\/strong>, auch in internationalem Kontext (z. B. Mitarbeiterentsendungen)<\/li><li><strong>Einsatz bei Lohnprojekten vor Ort<\/strong> bei Mandanten, sofern gew\u00fcnscht<\/li><li><strong>Erfassung, \u00dcberwachung und Pflege von Personalstamm- und Bewegungsdaten<\/strong> sowie Bearbeitung aller abrechnungsrelevanten Aufgaben<\/li><li>Bearbeitung des <strong>Melde- und Bescheinigungswesens<\/strong><\/li><li>Pr\u00fcfung von <strong>Pf\u00e4ndungs- und \u00dcberweisungsbeschl\u00fcssen<\/strong><\/li><li>Entwurf der <strong>Drittschuldnererkl\u00e4rungen<\/strong><\/li><li>Anlage und Verwaltung<strong> digitaler Personalakten<\/strong><\/li><li>Abstimmung mit der <strong>laufenden Finanzbuchhaltung<\/strong><\/li><li><strong>Verpflegungsmehraufwendungen\/Reisekosten<\/strong><\/li><li>Die Sicherstellung des <strong>Melde- und Bescheinigungswesens<\/strong> und das Mitwirken bei <strong>Betriebspr\u00fcfungen<\/strong><\/li><li><strong>Jahreswechselt\u00e4tigkeiten (z.B. Meldung Berufsgenossenschaft, Schwerbehindertenabgaben, Gruppenunfallversicherungen, Urlaubsr\u00fcckstellungen, etc.)<\/strong> werden von uns \u00fcbernommen.<\/li><\/ul>\t\t\t\t\t\t\t\t<\/div>\n\t\t\t\t<\/div>\n\t\t\t\t\t<\/div>\n\t\t\t\t<\/div>\n\t\t\t\t<div class=\"elementor-element elementor-element-1cabc74 elementor-widget elementor-widget-spacer\" data-id=\"1cabc74\" data-element_type=\"widget\" data-widget_type=\"spacer.default\">\n\t\t\t\t<div class=\"elementor-widget-container\">\n\t\t\t\t\t\t\t<div class=\"elementor-spacer\">\n\t\t\t<div class=\"elementor-spacer-inner\"><\/div>\n\t\t<\/div>\n\t\t\t\t\t\t<\/div>\n\t\t\t\t<\/div>\n\t\t\t\t<div class=\"elementor-element elementor-element-6e8bac8 elementor-widget-divider--view-line elementor-widget elementor-widget-divider\" data-id=\"6e8bac8\" data-element_type=\"widget\" data-widget_type=\"divider.default\">\n\t\t\t\t<div class=\"elementor-widget-container\">\n\t\t\t\t\t\t\t<div class=\"elementor-divider\">\n\t\t\t<span class=\"elementor-divider-separator\">\n\t\t\t\t\t\t<\/span>\n\t\t<\/div>\n\t\t\t\t\t\t<\/div>\n\t\t\t\t<\/div>\n\t\t\t\t<\/div>\n\t\t<div class=\"elementor-element elementor-element-3dc2a48 e-flex e-con-boxed e-con e-child\" data-id=\"3dc2a48\" data-element_type=\"container\">\n\t\t\t\t\t<div class=\"e-con-inner\">\n\t\t\t\t<div class=\"elementor-element elementor-element-c2d6c72 elementor-align-center elementor-widget elementor-widget-button\" data-id=\"c2d6c72\" data-element_type=\"widget\" data-widget_type=\"button.default\">\n\t\t\t\t<div class=\"elementor-widget-container\">\n\t\t\t\t\t\t\t\t\t<div class=\"elementor-button-wrapper\">\n\t\t\t\t\t<a class=\"elementor-button elementor-button-link elementor-size-sm elementor-animation-shrink\" href=\"https:\/\/lohnbuchhaltung-bodensee.de\/lb\/\">\n\t\t\t\t\t\t<span class=\"elementor-button-content-wrapper\">\n\t\t\t\t\t\t\t\t\t<span class=\"elementor-button-text\">Home<\/span>\n\t\t\t\t\t<\/span>\n\t\t\t\t\t<\/a>\n\t\t\t\t<\/div>\n\t\t\t\t\t\t\t\t<\/div>\n\t\t\t\t<\/div>\n\t\t\t\t<div class=\"elementor-element elementor-element-82f5884 elementor-align-center elementor-widget elementor-widget-button\" data-id=\"82f5884\" data-element_type=\"widget\" data-widget_type=\"button.default\">\n\t\t\t\t<div class=\"elementor-widget-container\">\n\t\t\t\t\t\t\t\t\t<div class=\"elementor-button-wrapper\">\n\t\t\t\t\t<a class=\"elementor-button elementor-button-link elementor-size-sm elementor-animation-shrink\" href=\"https:\/\/lohnbuchhaltung-bodensee.de\/lb\/dienstleistungen\/\">\n\t\t\t\t\t\t<span class=\"elementor-button-content-wrapper\">\n\t\t\t\t\t\t\t\t\t<span class=\"elementor-button-text\">Dienstleisungen<\/span>\n\t\t\t\t\t<\/span>\n\t\t\t\t\t<\/a>\n\t\t\t\t<\/div>\n\t\t\t\t\t\t\t\t<\/div>\n\t\t\t\t<\/div>\n\t\t\t\t<div class=\"elementor-element elementor-element-65a32b3 elementor-align-center elementor-widget elementor-widget-button\" data-id=\"65a32b3\" data-element_type=\"widget\" data-widget_type=\"button.default\">\n\t\t\t\t<div class=\"elementor-widget-container\">\n\t\t\t\t\t\t\t\t\t<div class=\"elementor-button-wrapper\">\n\t\t\t\t\t<a class=\"elementor-button elementor-button-link elementor-size-sm elementor-animation-shrink\" href=\"https:\/\/lohnbuchhaltung-bodensee.de\/lb\/aktuelles\/\">\n\t\t\t\t\t\t<span class=\"elementor-button-content-wrapper\">\n\t\t\t\t\t\t\t\t\t<span class=\"elementor-button-text\">Besonderheiten<\/span>\n\t\t\t\t\t<\/span>\n\t\t\t\t\t<\/a>\n\t\t\t\t<\/div>\n\t\t\t\t\t\t\t\t<\/div>\n\t\t\t\t<\/div>\n\t\t\t\t<div class=\"elementor-element elementor-element-c1441c4 elementor-widget elementor-widget-button\" data-id=\"c1441c4\" data-element_type=\"widget\" data-widget_type=\"button.default\">\n\t\t\t\t<div class=\"elementor-widget-container\">\n\t\t\t\t\t\t\t\t\t<div class=\"elementor-button-wrapper\">\n\t\t\t\t\t<a class=\"elementor-button elementor-button-link elementor-size-sm elementor-animation-shrink\" href=\"https:\/\/lohnbuchhaltung-bodensee.de\/lb\/ueber-uns\/\">\n\t\t\t\t\t\t<span class=\"elementor-button-content-wrapper\">\n\t\t\t\t\t\t\t\t\t<span class=\"elementor-button-text\">Team<\/span>\n\t\t\t\t\t<\/span>\n\t\t\t\t\t<\/a>\n\t\t\t\t<\/div>\n\t\t\t\t\t\t\t\t<\/div>\n\t\t\t\t<\/div>\n\t\t\t\t<div class=\"elementor-element elementor-element-2177f6c elementor-align-center elementor-widget elementor-widget-button\" data-id=\"2177f6c\" data-element_type=\"widget\" data-widget_type=\"button.default\">\n\t\t\t\t<div class=\"elementor-widget-container\">\n\t\t\t\t\t\t\t\t\t<div class=\"elementor-button-wrapper\">\n\t\t\t\t\t<a class=\"elementor-button elementor-button-link elementor-size-sm elementor-animation-shrink\" href=\"https:\/\/lohnbuchhaltung-bodensee.de\/lb\/kontakt\/\">\n\t\t\t\t\t\t<span class=\"elementor-button-content-wrapper\">\n\t\t\t\t\t\t\t\t\t<span class=\"elementor-button-text\">Kontakt<\/span>\n\t\t\t\t\t<\/span>\n\t\t\t\t\t<\/a>\n\t\t\t\t<\/div>\n\t\t\t\t\t\t\t\t<\/div>\n\t\t\t\t<\/div>\n\t\t\t\t<div class=\"elementor-element elementor-element-0e9c4dd elementor-align-center elementor-widget elementor-widget-button\" data-id=\"0e9c4dd\" data-element_type=\"widget\" data-widget_type=\"button.default\">\n\t\t\t\t<div class=\"elementor-widget-container\">\n\t\t\t\t\t\t\t\t\t<div class=\"elementor-button-wrapper\">\n\t\t\t\t\t<a class=\"elementor-button elementor-button-link elementor-size-sm elementor-animation-shrink\" href=\"https:\/\/lohnbuchhaltung-bodensee.de\/lb\/unsere-partner\/\">\n\t\t\t\t\t\t<span class=\"elementor-button-content-wrapper\">\n\t\t\t\t\t\t\t\t\t<span class=\"elementor-button-text\">Unsere Partner<\/span>\n\t\t\t\t\t<\/span>\n\t\t\t\t\t<\/a>\n\t\t\t\t<\/div>\n\t\t\t\t\t\t\t\t<\/div>\n\t\t\t\t<\/div>\n\t\t\t\t<div class=\"elementor-element elementor-element-66848a9 elementor-align-center elementor-widget elementor-widget-button\" data-id=\"66848a9\" data-element_type=\"widget\" data-widget_type=\"button.default\">\n\t\t\t\t<div class=\"elementor-widget-container\">\n\t\t\t\t\t\t\t\t\t<div class=\"elementor-button-wrapper\">\n\t\t\t\t\t<a class=\"elementor-button elementor-button-link elementor-size-sm elementor-animation-shrink\" href=\"https:\/\/lohnbuchhaltung-bodensee.de\/lb\/downloads\/\">\n\t\t\t\t\t\t<span class=\"elementor-button-content-wrapper\">\n\t\t\t\t\t\t\t\t\t<span class=\"elementor-button-text\">Downloads<\/span>\n\t\t\t\t\t<\/span>\n\t\t\t\t\t<\/a>\n\t\t\t\t<\/div>\n\t\t\t\t\t\t\t\t<\/div>\n\t\t\t\t<\/div>\n\t\t\t\t\t<\/div>\n\t\t\t\t<\/div>\n\t\t\t\t<\/div>\n\t\t","protected":false},"excerpt":{"rendered":"<p>UNSERE DIENSTLEISTUNGEN Erstellung von Lohn- und Gehaltsabrechnungen f\u00fcr Firmen unterschiedlicher Rechtsformen und Branchen sowie damit einhergehend monatliche und j\u00e4hrliche Meldungen Erstellung von Bescheinigung und Korrespondenz mit Sozialversicherungstr\u00e4gern und Finanzbeh\u00f6rden Review von Lohnabrechnungen und verwandten Fragestellungen\/Bescheinigungen Mitwirkung bei der Beantwortung lohnsteuerlicher und sozialversicherungsrechtlicher Fragestellungen, auch in internationalem Kontext (z. B. Mitarbeiterentsendungen) Einsatz bei Lohnprojekten vor Ort [&hellip;]<\/p>\n","protected":false},"author":2,"featured_media":0,"parent":0,"menu_order":0,"comment_status":"closed","ping_status":"closed","template":"","meta":{"ocean_post_layout":"full-screen","ocean_both_sidebars_style":"","ocean_both_sidebars_content_width":0,"ocean_both_sidebars_sidebars_width":0,"ocean_sidebar":"","ocean_second_sidebar":"","ocean_disable_margins":"enable","ocean_add_body_class":"","ocean_shortcode_before_top_bar":"","ocean_shortcode_after_top_bar":"","ocean_shortcode_before_header":"","ocean_shortcode_after_header":"","ocean_has_shortcode":"","ocean_shortcode_after_title":"","ocean_shortcode_before_footer_widgets":"","ocean_shortcode_after_footer_widgets":"","ocean_shortcode_before_footer_bottom":"","ocean_shortcode_after_footer_bottom":"","ocean_display_top_bar":"off","ocean_display_header":"default","ocean_header_style":"","ocean_center_header_left_menu":"","ocean_custom_header_template":"","ocean_custom_logo":0,"ocean_custom_retina_logo":0,"ocean_custom_logo_max_width":0,"ocean_custom_logo_tablet_max_width":0,"ocean_custom_logo_mobile_max_width":0,"ocean_custom_logo_max_height":0,"ocean_custom_logo_tablet_max_height":0,"ocean_custom_logo_mobile_max_height":0,"ocean_header_custom_menu":"","ocean_menu_typo_font_family":"","ocean_menu_typo_font_subset":"","ocean_menu_typo_font_size":0,"ocean_menu_typo_font_size_tablet":0,"ocean_menu_typo_font_size_mobile":0,"ocean_menu_typo_font_size_unit":"px","ocean_menu_typo_font_weight":"","ocean_menu_typo_font_weight_tablet":"","ocean_menu_typo_font_weight_mobile":"","ocean_menu_typo_transform":"","ocean_menu_typo_transform_tablet":"","ocean_menu_typo_transform_mobile":"","ocean_menu_typo_line_height":0,"ocean_menu_typo_line_height_tablet":0,"ocean_menu_typo_line_height_mobile":0,"ocean_menu_typo_line_height_unit":"","ocean_menu_typo_spacing":0,"ocean_menu_typo_spacing_tablet":0,"ocean_menu_typo_spacing_mobile":0,"ocean_menu_typo_spacing_unit":"","ocean_menu_link_color":"","ocean_menu_link_color_hover":"","ocean_menu_link_color_active":"","ocean_menu_link_background":"","ocean_menu_link_hover_background":"","ocean_menu_link_active_background":"","ocean_menu_social_links_bg":"","ocean_menu_social_hover_links_bg":"","ocean_menu_social_links_color":"","ocean_menu_social_hover_links_color":"","ocean_disable_title":"on","ocean_disable_heading":"default","ocean_post_title":"","ocean_post_subheading":"","ocean_post_title_style":"","ocean_post_title_background_color":"","ocean_post_title_background":0,"ocean_post_title_bg_image_position":"","ocean_post_title_bg_image_attachment":"","ocean_post_title_bg_image_repeat":"","ocean_post_title_bg_image_size":"","ocean_post_title_height":0,"ocean_post_title_bg_overlay":0.5,"ocean_post_title_bg_overlay_color":"","ocean_disable_breadcrumbs":"default","ocean_breadcrumbs_color":"","ocean_breadcrumbs_separator_color":"","ocean_breadcrumbs_links_color":"","ocean_breadcrumbs_links_hover_color":"","ocean_display_footer_widgets":"on","ocean_display_footer_bottom":"on","ocean_custom_footer_template":"","footnotes":""},"class_list":["post-140","page","type-page","status-publish","hentry","entry"],"yoast_head":"<!-- This site is optimized with the Yoast SEO plugin v24.3 - https:\/\/yoast.com\/wordpress\/plugins\/seo\/ -->\n<title>Dienstleistungen - Lohnbuchhaltung Bodensee<\/title>\n<meta name=\"robots\" content=\"index, follow, max-snippet:-1, max-image-preview:large, max-video-preview:-1\" \/>\n<link rel=\"canonical\" href=\"https:\/\/lohnbuchhaltung-bodensee.de\/lb\/dienstleistungen\/\" \/>\n<meta property=\"og:locale\" content=\"de_DE\" \/>\n<meta property=\"og:type\" content=\"article\" \/>\n<meta property=\"og:title\" content=\"Dienstleistungen - Lohnbuchhaltung Bodensee\" \/>\n<meta property=\"og:description\" content=\"UNSERE DIENSTLEISTUNGEN Erstellung von Lohn- und Gehaltsabrechnungen f\u00fcr Firmen unterschiedlicher Rechtsformen und Branchen sowie damit einhergehend monatliche und j\u00e4hrliche Meldungen Erstellung von Bescheinigung und Korrespondenz mit Sozialversicherungstr\u00e4gern und Finanzbeh\u00f6rden Review von Lohnabrechnungen und verwandten Fragestellungen\/Bescheinigungen Mitwirkung bei der Beantwortung lohnsteuerlicher und sozialversicherungsrechtlicher Fragestellungen, auch in internationalem Kontext (z. B. Mitarbeiterentsendungen) Einsatz bei Lohnprojekten vor Ort [&hellip;]\" \/>\n<meta property=\"og:url\" content=\"https:\/\/lohnbuchhaltung-bodensee.de\/lb\/dienstleistungen\/\" \/>\n<meta property=\"og:site_name\" content=\"Lohnbuchhaltung Bodensee\" \/>\n<meta property=\"article:modified_time\" content=\"2024-04-20T08:12:44+00:00\" \/>\n<meta name=\"twitter:card\" content=\"summary_large_image\" \/>\n<meta name=\"twitter:label1\" content=\"Gesch\u00e4tzte Lesezeit\" \/>\n\t<meta name=\"twitter:data1\" content=\"1\u00a0Minute\" \/>\n<script type=\"application\/ld+json\" class=\"yoast-schema-graph\">{\"@context\":\"https:\/\/schema.org\",\"@graph\":[{\"@type\":\"WebPage\",\"@id\":\"https:\/\/lohnbuchhaltung-bodensee.de\/lb\/dienstleistungen\/\",\"url\":\"https:\/\/lohnbuchhaltung-bodensee.de\/lb\/dienstleistungen\/\",\"name\":\"Dienstleistungen - Lohnbuchhaltung Bodensee\",\"isPartOf\":{\"@id\":\"https:\/\/lohnbuchhaltung-bodensee.de\/lb\/#website\"},\"datePublished\":\"2024-02-03T11:42:53+00:00\",\"dateModified\":\"2024-04-20T08:12:44+00:00\",\"breadcrumb\":{\"@id\":\"https:\/\/lohnbuchhaltung-bodensee.de\/lb\/dienstleistungen\/#breadcrumb\"},\"inLanguage\":\"de\",\"potentialAction\":[{\"@type\":\"ReadAction\",\"target\":[\"https:\/\/lohnbuchhaltung-bodensee.de\/lb\/dienstleistungen\/\"]}]},{\"@type\":\"BreadcrumbList\",\"@id\":\"https:\/\/lohnbuchhaltung-bodensee.de\/lb\/dienstleistungen\/#breadcrumb\",\"itemListElement\":[{\"@type\":\"ListItem\",\"position\":1,\"name\":\"Startseite\",\"item\":\"https:\/\/lohnbuchhaltung-bodensee.de\/lb\/\"},{\"@type\":\"ListItem\",\"position\":2,\"name\":\"Dienstleistungen\"}]},{\"@type\":\"WebSite\",\"@id\":\"https:\/\/lohnbuchhaltung-bodensee.de\/lb\/#website\",\"url\":\"https:\/\/lohnbuchhaltung-bodensee.de\/lb\/\",\"name\":\"Heike Exler Lohnbuchhaltung Bodensee\",\"description\":\"\",\"publisher\":{\"@id\":\"https:\/\/lohnbuchhaltung-bodensee.de\/lb\/#organization\"},\"alternateName\":\"Heike Exler Lohnbuchhaltung Bodensee L\u00f6hne Lohn Abrechnung Baulohn\",\"potentialAction\":[{\"@type\":\"SearchAction\",\"target\":{\"@type\":\"EntryPoint\",\"urlTemplate\":\"https:\/\/lohnbuchhaltung-bodensee.de\/lb\/?s={search_term_string}\"},\"query-input\":{\"@type\":\"PropertyValueSpecification\",\"valueRequired\":true,\"valueName\":\"search_term_string\"}}],\"inLanguage\":\"de\"},{\"@type\":\"Organization\",\"@id\":\"https:\/\/lohnbuchhaltung-bodensee.de\/lb\/#organization\",\"name\":\"Heike Exler Lohnbuchhaltung Bodensee\",\"url\":\"https:\/\/lohnbuchhaltung-bodensee.de\/lb\/\",\"logo\":{\"@type\":\"ImageObject\",\"inLanguage\":\"de\",\"@id\":\"https:\/\/lohnbuchhaltung-bodensee.de\/lb\/#\/schema\/logo\/image\/\",\"url\":\"https:\/\/lohnbuchhaltung-bodensee.de\/lb\/wp-content\/uploads\/2024\/06\/image001.png\",\"contentUrl\":\"https:\/\/lohnbuchhaltung-bodensee.de\/lb\/wp-content\/uploads\/2024\/06\/image001.png\",\"width\":788,\"height\":292,\"caption\":\"Heike Exler Lohnbuchhaltung Bodensee\"},\"image\":{\"@id\":\"https:\/\/lohnbuchhaltung-bodensee.de\/lb\/#\/schema\/logo\/image\/\"}}]}<\/script>\n<!-- \/ Yoast SEO plugin. -->","yoast_head_json":{"title":"Dienstleistungen - Lohnbuchhaltung Bodensee","robots":{"index":"index","follow":"follow","max-snippet":"max-snippet:-1","max-image-preview":"max-image-preview:large","max-video-preview":"max-video-preview:-1"},"canonical":"https:\/\/lohnbuchhaltung-bodensee.de\/lb\/dienstleistungen\/","og_locale":"de_DE","og_type":"article","og_title":"Dienstleistungen - Lohnbuchhaltung Bodensee","og_description":"UNSERE DIENSTLEISTUNGEN Erstellung von Lohn- und Gehaltsabrechnungen f\u00fcr Firmen unterschiedlicher Rechtsformen und Branchen sowie damit einhergehend monatliche und j\u00e4hrliche Meldungen Erstellung von Bescheinigung und Korrespondenz mit Sozialversicherungstr\u00e4gern und Finanzbeh\u00f6rden Review von Lohnabrechnungen und verwandten Fragestellungen\/Bescheinigungen Mitwirkung bei der Beantwortung lohnsteuerlicher und sozialversicherungsrechtlicher Fragestellungen, auch in internationalem Kontext (z. B. Mitarbeiterentsendungen) Einsatz bei Lohnprojekten vor Ort [&hellip;]","og_url":"https:\/\/lohnbuchhaltung-bodensee.de\/lb\/dienstleistungen\/","og_site_name":"Lohnbuchhaltung Bodensee","article_modified_time":"2024-04-20T08:12:44+00:00","twitter_card":"summary_large_image","twitter_misc":{"Gesch\u00e4tzte Lesezeit":"1\u00a0Minute"},"schema":{"@context":"https:\/\/schema.org","@graph":[{"@type":"WebPage","@id":"https:\/\/lohnbuchhaltung-bodensee.de\/lb\/dienstleistungen\/","url":"https:\/\/lohnbuchhaltung-bodensee.de\/lb\/dienstleistungen\/","name":"Dienstleistungen - Lohnbuchhaltung Bodensee","isPartOf":{"@id":"https:\/\/lohnbuchhaltung-bodensee.de\/lb\/#website"},"datePublished":"2024-02-03T11:42:53+00:00","dateModified":"2024-04-20T08:12:44+00:00","breadcrumb":{"@id":"https:\/\/lohnbuchhaltung-bodensee.de\/lb\/dienstleistungen\/#breadcrumb"},"inLanguage":"de","potentialAction":[{"@type":"ReadAction","target":["https:\/\/lohnbuchhaltung-bodensee.de\/lb\/dienstleistungen\/"]}]},{"@type":"BreadcrumbList","@id":"https:\/\/lohnbuchhaltung-bodensee.de\/lb\/dienstleistungen\/#breadcrumb","itemListElement":[{"@type":"ListItem","position":1,"name":"Startseite","item":"https:\/\/lohnbuchhaltung-bodensee.de\/lb\/"},{"@type":"ListItem","position":2,"name":"Dienstleistungen"}]},{"@type":"WebSite","@id":"https:\/\/lohnbuchhaltung-bodensee.de\/lb\/#website","url":"https:\/\/lohnbuchhaltung-bodensee.de\/lb\/","name":"Heike Exler Lohnbuchhaltung Bodensee","description":"","publisher":{"@id":"https:\/\/lohnbuchhaltung-bodensee.de\/lb\/#organization"},"alternateName":"Heike Exler Lohnbuchhaltung Bodensee L\u00f6hne Lohn Abrechnung Baulohn","potentialAction":[{"@type":"SearchAction","target":{"@type":"EntryPoint","urlTemplate":"https:\/\/lohnbuchhaltung-bodensee.de\/lb\/?s={search_term_string}"},"query-input":{"@type":"PropertyValueSpecification","valueRequired":true,"valueName":"search_term_string"}}],"inLanguage":"de"},{"@type":"Organization","@id":"https:\/\/lohnbuchhaltung-bodensee.de\/lb\/#organization","name":"Heike Exler Lohnbuchhaltung Bodensee","url":"https:\/\/lohnbuchhaltung-bodensee.de\/lb\/","logo":{"@type":"ImageObject","inLanguage":"de","@id":"https:\/\/lohnbuchhaltung-bodensee.de\/lb\/#\/schema\/logo\/image\/","url":"https:\/\/lohnbuchhaltung-bodensee.de\/lb\/wp-content\/uploads\/2024\/06\/image001.png","contentUrl":"https:\/\/lohnbuchhaltung-bodensee.de\/lb\/wp-content\/uploads\/2024\/06\/image001.png","width":788,"height":292,"caption":"Heike Exler Lohnbuchhaltung Bodensee"},"image":{"@id":"https:\/\/lohnbuchhaltung-bodensee.de\/lb\/#\/schema\/logo\/image\/"}}]}},"_links":{"self":[{"href":"https:\/\/lohnbuchhaltung-bodensee.de\/lb\/wp-json\/wp\/v2\/pages\/140","targetHints":{"allow":["GET"]}}],"collection":[{"href":"https:\/\/lohnbuchhaltung-bodensee.de\/lb\/wp-json\/wp\/v2\/pages"}],"about":[{"href":"https:\/\/lohnbuchhaltung-bodensee.de\/lb\/wp-json\/wp\/v2\/types\/page"}],"author":[{"embeddable":true,"href":"https:\/\/lohnbuchhaltung-bodensee.de\/lb\/wp-json\/wp\/v2\/users\/2"}],"replies":[{"embeddable":true,"href":"https:\/\/lohnbuchhaltung-bodensee.de\/lb\/wp-json\/wp\/v2\/comments?post=140"}],"version-history":[{"count":52,"href":"https:\/\/lohnbuchhaltung-bodensee.de\/lb\/wp-json\/wp\/v2\/pages\/140\/revisions"}],"predecessor-version":[{"id":627,"href":"https:\/\/lohnbuchhaltung-bodensee.de\/lb\/wp-json\/wp\/v2\/pages\/140\/revisions\/627"}],"wp:attachment":[{"href":"https:\/\/lohnbuchhaltung-bodensee.de\/lb\/wp-json\/wp\/v2\/media?parent=140"}],"curies":[{"name":"wp","href":"https:\/\/api.w.org\/{rel}","templated":true}]}}