{"id":8,"date":"2024-02-02T15:22:25","date_gmt":"2024-02-02T14:22:25","guid":{"rendered":"https:\/\/lohnbuchhaltung-bodensee.de\/lb\/?page_id=8"},"modified":"2024-03-10T08:38:40","modified_gmt":"2024-03-10T07:38:40","slug":"home","status":"publish","type":"page","link":"https:\/\/lohnbuchhaltung-bodensee.de\/lb\/","title":{"rendered":"Home"},"content":{"rendered":"\t\t<div data-elementor-type=\"wp-page\" data-elementor-id=\"8\" class=\"elementor elementor-8\">\n\t\t\t\t<div class=\"elementor-element elementor-element-c9f0d55 e-flex e-con-boxed e-con e-parent\" data-id=\"c9f0d55\" data-element_type=\"container\" data-settings=\"{&quot;background_background&quot;:&quot;classic&quot;}\">\n\t\t\t\t\t<div class=\"e-con-inner\">\n\t\t\t\t<div class=\"elementor-element elementor-element-01915a6 elementor-widget elementor-widget-image\" data-id=\"01915a6\" data-element_type=\"widget\" data-widget_type=\"image.default\">\n\t\t\t\t<div class=\"elementor-widget-container\">\n\t\t\t\t\t\t\t\t\t\t\t\t\t\t\t<img fetchpriority=\"high\" decoding=\"async\" width=\"1024\" height=\"441\" src=\"https:\/\/lohnbuchhaltung-bodensee.de\/lb\/wp-content\/uploads\/2024\/02\/Screenshot-2024-02-02-154432-1024x441.png\" class=\"attachment-large size-large wp-image-21\" alt=\"\" srcset=\"https:\/\/lohnbuchhaltung-bodensee.de\/lb\/wp-content\/uploads\/2024\/02\/Screenshot-2024-02-02-154432-1024x441.png 1024w, https:\/\/lohnbuchhaltung-bodensee.de\/lb\/wp-content\/uploads\/2024\/02\/Screenshot-2024-02-02-154432-300x129.png 300w, https:\/\/lohnbuchhaltung-bodensee.de\/lb\/wp-content\/uploads\/2024\/02\/Screenshot-2024-02-02-154432-768x331.png 768w, https:\/\/lohnbuchhaltung-bodensee.de\/lb\/wp-content\/uploads\/2024\/02\/Screenshot-2024-02-02-154432-1536x662.png 1536w, https:\/\/lohnbuchhaltung-bodensee.de\/lb\/wp-content\/uploads\/2024\/02\/Screenshot-2024-02-02-154432.png 1883w\" sizes=\"(max-width: 1024px) 100vw, 1024px\" \/>\t\t\t\t\t\t\t\t\t\t\t\t\t\t\t<\/div>\n\t\t\t\t<\/div>\n\t\t<div class=\"elementor-element elementor-element-47ff29f e-flex e-con-boxed e-con e-child\" data-id=\"47ff29f\" data-element_type=\"container\">\n\t\t\t\t\t<div class=\"e-con-inner\">\n\t\t\t\t<div class=\"elementor-element elementor-element-2ffd3c4 elementor-align-center elementor-widget elementor-widget-button\" data-id=\"2ffd3c4\" data-element_type=\"widget\" data-widget_type=\"button.default\">\n\t\t\t\t<div class=\"elementor-widget-container\">\n\t\t\t\t\t\t\t\t\t<div class=\"elementor-button-wrapper\">\n\t\t\t\t\t<a class=\"elementor-button elementor-button-link elementor-size-sm elementor-animation-shrink\" href=\"https:\/\/lohnbuchhaltung-bodensee.de\/lb\/dienstleistungen\/\">\n\t\t\t\t\t\t<span class=\"elementor-button-content-wrapper\">\n\t\t\t\t\t\t\t\t\t<span class=\"elementor-button-text\">Dienstleisungen<\/span>\n\t\t\t\t\t<\/span>\n\t\t\t\t\t<\/a>\n\t\t\t\t<\/div>\n\t\t\t\t\t\t\t\t<\/div>\n\t\t\t\t<\/div>\n\t\t\t\t<div class=\"elementor-element elementor-element-a5393c9 elementor-align-center elementor-widget elementor-widget-button\" data-id=\"a5393c9\" data-element_type=\"widget\" data-widget_type=\"button.default\">\n\t\t\t\t<div class=\"elementor-widget-container\">\n\t\t\t\t\t\t\t\t\t<div class=\"elementor-button-wrapper\">\n\t\t\t\t\t<a class=\"elementor-button elementor-button-link elementor-size-sm elementor-animation-shrink\" href=\"https:\/\/lohnbuchhaltung-bodensee.de\/lb\/aktuelles\/\">\n\t\t\t\t\t\t<span class=\"elementor-button-content-wrapper\">\n\t\t\t\t\t\t\t\t\t<span class=\"elementor-button-text\">Besonderheiten<\/span>\n\t\t\t\t\t<\/span>\n\t\t\t\t\t<\/a>\n\t\t\t\t<\/div>\n\t\t\t\t\t\t\t\t<\/div>\n\t\t\t\t<\/div>\n\t\t\t\t<div class=\"elementor-element elementor-element-c795a89 elementor-widget elementor-widget-button\" data-id=\"c795a89\" data-element_type=\"widget\" data-widget_type=\"button.default\">\n\t\t\t\t<div class=\"elementor-widget-container\">\n\t\t\t\t\t\t\t\t\t<div class=\"elementor-button-wrapper\">\n\t\t\t\t\t<a class=\"elementor-button elementor-button-link elementor-size-sm elementor-animation-shrink\" href=\"https:\/\/lohnbuchhaltung-bodensee.de\/lb\/ueber-uns\/\">\n\t\t\t\t\t\t<span class=\"elementor-button-content-wrapper\">\n\t\t\t\t\t\t\t\t\t<span class=\"elementor-button-text\">Team<\/span>\n\t\t\t\t\t<\/span>\n\t\t\t\t\t<\/a>\n\t\t\t\t<\/div>\n\t\t\t\t\t\t\t\t<\/div>\n\t\t\t\t<\/div>\n\t\t\t\t<div class=\"elementor-element elementor-element-21d8179 elementor-align-center elementor-widget elementor-widget-button\" data-id=\"21d8179\" data-element_type=\"widget\" data-widget_type=\"button.default\">\n\t\t\t\t<div class=\"elementor-widget-container\">\n\t\t\t\t\t\t\t\t\t<div class=\"elementor-button-wrapper\">\n\t\t\t\t\t<a class=\"elementor-button elementor-button-link elementor-size-sm elementor-animation-shrink\" href=\"https:\/\/lohnbuchhaltung-bodensee.de\/lb\/kontakt\/\">\n\t\t\t\t\t\t<span class=\"elementor-button-content-wrapper\">\n\t\t\t\t\t\t\t\t\t<span class=\"elementor-button-text\">Kontakt<\/span>\n\t\t\t\t\t<\/span>\n\t\t\t\t\t<\/a>\n\t\t\t\t<\/div>\n\t\t\t\t\t\t\t\t<\/div>\n\t\t\t\t<\/div>\n\t\t\t\t<div class=\"elementor-element elementor-element-53dd9d6 elementor-align-center elementor-widget elementor-widget-button\" data-id=\"53dd9d6\" data-element_type=\"widget\" data-widget_type=\"button.default\">\n\t\t\t\t<div class=\"elementor-widget-container\">\n\t\t\t\t\t\t\t\t\t<div class=\"elementor-button-wrapper\">\n\t\t\t\t\t<a class=\"elementor-button elementor-button-link elementor-size-sm elementor-animation-shrink\" href=\"https:\/\/lohnbuchhaltung-bodensee.de\/lb\/unsere-partner\/\">\n\t\t\t\t\t\t<span class=\"elementor-button-content-wrapper\">\n\t\t\t\t\t\t\t\t\t<span class=\"elementor-button-text\">Unsere Partner<\/span>\n\t\t\t\t\t<\/span>\n\t\t\t\t\t<\/a>\n\t\t\t\t<\/div>\n\t\t\t\t\t\t\t\t<\/div>\n\t\t\t\t<\/div>\n\t\t\t\t<div class=\"elementor-element elementor-element-9cb4ddd elementor-align-center elementor-widget elementor-widget-button\" data-id=\"9cb4ddd\" data-element_type=\"widget\" data-widget_type=\"button.default\">\n\t\t\t\t<div class=\"elementor-widget-container\">\n\t\t\t\t\t\t\t\t\t<div class=\"elementor-button-wrapper\">\n\t\t\t\t\t<a class=\"elementor-button elementor-button-link elementor-size-sm elementor-animation-shrink\" href=\"https:\/\/lohnbuchhaltung-bodensee.de\/lb\/downloads\/\">\n\t\t\t\t\t\t<span class=\"elementor-button-content-wrapper\">\n\t\t\t\t\t\t\t\t\t<span class=\"elementor-button-text\">Downloads<\/span>\n\t\t\t\t\t<\/span>\n\t\t\t\t\t<\/a>\n\t\t\t\t<\/div>\n\t\t\t\t\t\t\t\t<\/div>\n\t\t\t\t<\/div>\n\t\t\t\t\t<\/div>\n\t\t\t\t<\/div>\n\t\t\t\t<div class=\"elementor-element elementor-element-49cfcd0 elementor-widget-divider--view-line elementor-widget elementor-widget-divider\" data-id=\"49cfcd0\" data-element_type=\"widget\" data-widget_type=\"divider.default\">\n\t\t\t\t<div class=\"elementor-widget-container\">\n\t\t\t\t\t\t\t<div class=\"elementor-divider\">\n\t\t\t<span class=\"elementor-divider-separator\">\n\t\t\t\t\t\t<\/span>\n\t\t<\/div>\n\t\t\t\t\t\t<\/div>\n\t\t\t\t<\/div>\n\t\t\t\t\t<\/div>\n\t\t\t\t<\/div>\n\t\t<div class=\"elementor-element elementor-element-7feeeb6 e-flex e-con-boxed e-con e-parent\" data-id=\"7feeeb6\" data-element_type=\"container\">\n\t\t\t\t\t<div class=\"e-con-inner\">\n\t\t\t\t<div class=\"elementor-element elementor-element-851e33b elementor-widget elementor-widget-heading\" data-id=\"851e33b\" data-element_type=\"widget\" data-widget_type=\"heading.default\">\n\t\t\t\t<div class=\"elementor-widget-container\">\n\t\t\t\t\t<h2 class=\"elementor-heading-title elementor-size-default\">Herzlich Willkommen bei Heike Exler Lohnbuchhaltung Bodensee<\/h2>\t\t\t\t<\/div>\n\t\t\t\t<\/div>\n\t\t\t\t<div class=\"elementor-element elementor-element-7163e9c elementor-widget elementor-widget-text-editor\" data-id=\"7163e9c\" data-element_type=\"widget\" data-widget_type=\"text-editor.default\">\n\t\t\t\t<div class=\"elementor-widget-container\">\n\t\t\t\t\t\t\t\t\t<p>Wir bieten Lohnbuchhaltung f\u00fcr die verschiedensten Gewerbe, Betriebe und Kanzleien an.<br \/>Sicher, zuverl\u00e4ssig und termingerecht erstellen wir die monatlichen Lohn- und Gehaltsabrechnungen f\u00fcr Sie und Ihre Mitarbeiter. Inklusive aller dazugeh\u00f6rigen Anforderungen aus dem Personalwesen. Auf Wunsch komplett digital und papierlos. Durch Remote nicht nur regional, sondern deutschlandweit m\u00f6glich.<\/p>\t\t\t\t\t\t\t\t<\/div>\n\t\t\t\t<\/div>\n\t\t\t\t<div class=\"elementor-element elementor-element-7d2bf81 elementor-widget elementor-widget-heading\" data-id=\"7d2bf81\" data-element_type=\"widget\" data-widget_type=\"heading.default\">\n\t\t\t\t<div class=\"elementor-widget-container\">\n\t\t\t\t\t<h2 class=\"elementor-heading-title elementor-size-default\">Vertrauen ist eine Art der Blindheit, aber eine selige.<\/h2>\t\t\t\t<\/div>\n\t\t\t\t<\/div>\n\t\t\t\t<div class=\"elementor-element elementor-element-b5c5361 elementor-widget elementor-widget-text-editor\" data-id=\"b5c5361\" data-element_type=\"widget\" data-widget_type=\"text-editor.default\">\n\t\t\t\t<div class=\"elementor-widget-container\">\n\t\t\t\t\t\t\t\t\t<p>(Jakob Bosshart)<\/p>\t\t\t\t\t\t\t\t<\/div>\n\t\t\t\t<\/div>\n\t\t\t\t<div class=\"elementor-element elementor-element-1ec7cc6 elementor-widget elementor-widget-text-editor\" data-id=\"1ec7cc6\" data-element_type=\"widget\" data-widget_type=\"text-editor.default\">\n\t\t\t\t<div class=\"elementor-widget-container\">\n\t\t\t\t\t\t\t\t\t<p>Um Ihren ganz individuellen Anforderungen gerecht zu werden legen wir besonderen Wert auf eine enge pers\u00f6nliche Zusammenarbeit. Hierbei sind f\u00fcr uns Achtung, Vertraulichkeit, Verschwiegenheit, Zuverl\u00e4ssigkeit und Seriosit\u00e4t unzertrennliche Grundpfeiler.<\/p>\t\t\t\t\t\t\t\t<\/div>\n\t\t\t\t<\/div>\n\t\t\t\t<div class=\"elementor-element elementor-element-356ff9b elementor-widget-divider--view-line elementor-widget elementor-widget-divider\" data-id=\"356ff9b\" data-element_type=\"widget\" data-widget_type=\"divider.default\">\n\t\t\t\t<div class=\"elementor-widget-container\">\n\t\t\t\t\t\t\t<div class=\"elementor-divider\">\n\t\t\t<span class=\"elementor-divider-separator\">\n\t\t\t\t\t\t<\/span>\n\t\t<\/div>\n\t\t\t\t\t\t<\/div>\n\t\t\t\t<\/div>\n\t\t\t\t<div class=\"elementor-element elementor-element-f8dfbff elementor-widget elementor-widget-heading\" data-id=\"f8dfbff\" data-element_type=\"widget\" data-widget_type=\"heading.default\">\n\t\t\t\t<div class=\"elementor-widget-container\">\n\t\t\t\t\t<h2 class=\"elementor-heading-title elementor-size-default\">We are the power on your side<\/h2>\t\t\t\t<\/div>\n\t\t\t\t<\/div>\n\t\t\t\t\t<\/div>\n\t\t\t\t<\/div>\n\t\t\t\t<\/div>\n\t\t","protected":false},"excerpt":{"rendered":"<p>Dienstleisungen Besonderheiten Team Kontakt Unsere Partner Downloads Herzlich Willkommen bei Heike Exler Lohnbuchhaltung Bodensee Wir bieten Lohnbuchhaltung f\u00fcr die verschiedensten Gewerbe, Betriebe und Kanzleien an.Sicher, zuverl\u00e4ssig und termingerecht erstellen wir die monatlichen Lohn- und Gehaltsabrechnungen f\u00fcr Sie und Ihre Mitarbeiter. Inklusive aller dazugeh\u00f6rigen Anforderungen aus dem Personalwesen. Auf Wunsch komplett digital und papierlos. Durch Remote [&hellip;]<\/p>\n","protected":false},"author":2,"featured_media":0,"parent":0,"menu_order":0,"comment_status":"closed","ping_status":"closed","template":"","meta":{"ocean_post_layout":"full-screen","ocean_both_sidebars_style":"","ocean_both_sidebars_content_width":0,"ocean_both_sidebars_sidebars_width":0,"ocean_sidebar":"","ocean_second_sidebar":"","ocean_disable_margins":"enable","ocean_add_body_class":"","ocean_shortcode_before_top_bar":"","ocean_shortcode_after_top_bar":"","ocean_shortcode_before_header":"","ocean_shortcode_after_header":"","ocean_has_shortcode":"","ocean_shortcode_after_title":"","ocean_shortcode_before_footer_widgets":"","ocean_shortcode_after_footer_widgets":"","ocean_shortcode_before_footer_bottom":"","ocean_shortcode_after_footer_bottom":"","ocean_display_top_bar":"off","ocean_display_header":"default","ocean_header_style":"","ocean_center_header_left_menu":"","ocean_custom_header_template":"","ocean_custom_logo":0,"ocean_custom_retina_logo":0,"ocean_custom_logo_max_width":0,"ocean_custom_logo_tablet_max_width":0,"ocean_custom_logo_mobile_max_width":0,"ocean_custom_logo_max_height":0,"ocean_custom_logo_tablet_max_height":0,"ocean_custom_logo_mobile_max_height":0,"ocean_header_custom_menu":"","ocean_menu_typo_font_family":"","ocean_menu_typo_font_subset":"","ocean_menu_typo_font_size":0,"ocean_menu_typo_font_size_tablet":0,"ocean_menu_typo_font_size_mobile":0,"ocean_menu_typo_font_size_unit":"px","ocean_menu_typo_font_weight":"","ocean_menu_typo_font_weight_tablet":"","ocean_menu_typo_font_weight_mobile":"","ocean_menu_typo_transform":"","ocean_menu_typo_transform_tablet":"","ocean_menu_typo_transform_mobile":"","ocean_menu_typo_line_height":0,"ocean_menu_typo_line_height_tablet":0,"ocean_menu_typo_line_height_mobile":0,"ocean_menu_typo_line_height_unit":"","ocean_menu_typo_spacing":0,"ocean_menu_typo_spacing_tablet":0,"ocean_menu_typo_spacing_mobile":0,"ocean_menu_typo_spacing_unit":"","ocean_menu_link_color":"","ocean_menu_link_color_hover":"","ocean_menu_link_color_active":"","ocean_menu_link_background":"","ocean_menu_link_hover_background":"","ocean_menu_link_active_background":"","ocean_menu_social_links_bg":"","ocean_menu_social_hover_links_bg":"","ocean_menu_social_links_color":"","ocean_menu_social_hover_links_color":"","ocean_disable_title":"on","ocean_disable_heading":"default","ocean_post_title":"","ocean_post_subheading":"","ocean_post_title_style":"","ocean_post_title_background_color":"","ocean_post_title_background":0,"ocean_post_title_bg_image_position":"","ocean_post_title_bg_image_attachment":"","ocean_post_title_bg_image_repeat":"","ocean_post_title_bg_image_size":"","ocean_post_title_height":0,"ocean_post_title_bg_overlay":0.5,"ocean_post_title_bg_overlay_color":"","ocean_disable_breadcrumbs":"default","ocean_breadcrumbs_color":"","ocean_breadcrumbs_separator_color":"","ocean_breadcrumbs_links_color":"","ocean_breadcrumbs_links_hover_color":"","ocean_display_footer_widgets":"on","ocean_display_footer_bottom":"on","ocean_custom_footer_template":"","footnotes":""},"class_list":["post-8","page","type-page","status-publish","hentry","entry"],"yoast_head":"<!-- This site is optimized with the Yoast SEO plugin v24.3 - https:\/\/yoast.com\/wordpress\/plugins\/seo\/ -->\n<title>Home - Lohnbuchhaltung Bodensee<\/title>\n<meta name=\"robots\" content=\"index, follow, max-snippet:-1, max-image-preview:large, max-video-preview:-1\" \/>\n<link rel=\"canonical\" href=\"https:\/\/lohnbuchhaltung-bodensee.de\/lb\/\" \/>\n<meta property=\"og:locale\" content=\"de_DE\" \/>\n<meta property=\"og:type\" content=\"article\" \/>\n<meta property=\"og:title\" content=\"Home - Lohnbuchhaltung Bodensee\" \/>\n<meta property=\"og:description\" content=\"Dienstleisungen Besonderheiten Team Kontakt Unsere Partner Downloads Herzlich Willkommen bei Heike Exler Lohnbuchhaltung Bodensee Wir bieten Lohnbuchhaltung f\u00fcr die verschiedensten Gewerbe, Betriebe und Kanzleien an.Sicher, zuverl\u00e4ssig und termingerecht erstellen wir die monatlichen Lohn- und Gehaltsabrechnungen f\u00fcr Sie und Ihre Mitarbeiter. Inklusive aller dazugeh\u00f6rigen Anforderungen aus dem Personalwesen. Auf Wunsch komplett digital und papierlos. Durch Remote [&hellip;]\" \/>\n<meta property=\"og:url\" content=\"https:\/\/lohnbuchhaltung-bodensee.de\/lb\/\" \/>\n<meta property=\"og:site_name\" content=\"Lohnbuchhaltung Bodensee\" \/>\n<meta property=\"article:modified_time\" content=\"2024-03-10T07:38:40+00:00\" \/>\n<meta property=\"og:image\" content=\"https:\/\/lohnbuchhaltung-bodensee.de\/lb\/wp-content\/uploads\/2024\/02\/Screenshot-2024-02-02-154432-1024x441.png\" \/>\n<meta name=\"twitter:card\" content=\"summary_large_image\" \/>\n<meta name=\"twitter:label1\" content=\"Gesch\u00e4tzte Lesezeit\" \/>\n\t<meta name=\"twitter:data1\" content=\"1\u00a0Minute\" \/>\n<script type=\"application\/ld+json\" class=\"yoast-schema-graph\">{\"@context\":\"https:\/\/schema.org\",\"@graph\":[{\"@type\":\"WebPage\",\"@id\":\"https:\/\/lohnbuchhaltung-bodensee.de\/lb\/\",\"url\":\"https:\/\/lohnbuchhaltung-bodensee.de\/lb\/\",\"name\":\"Home - Lohnbuchhaltung Bodensee\",\"isPartOf\":{\"@id\":\"https:\/\/lohnbuchhaltung-bodensee.de\/lb\/#website\"},\"primaryImageOfPage\":{\"@id\":\"https:\/\/lohnbuchhaltung-bodensee.de\/lb\/#primaryimage\"},\"image\":{\"@id\":\"https:\/\/lohnbuchhaltung-bodensee.de\/lb\/#primaryimage\"},\"thumbnailUrl\":\"https:\/\/lohnbuchhaltung-bodensee.de\/lb\/wp-content\/uploads\/2024\/02\/Screenshot-2024-02-02-154432-1024x441.png\",\"datePublished\":\"2024-02-02T14:22:25+00:00\",\"dateModified\":\"2024-03-10T07:38:40+00:00\",\"breadcrumb\":{\"@id\":\"https:\/\/lohnbuchhaltung-bodensee.de\/lb\/#breadcrumb\"},\"inLanguage\":\"de\",\"potentialAction\":[{\"@type\":\"ReadAction\",\"target\":[\"https:\/\/lohnbuchhaltung-bodensee.de\/lb\/\"]}]},{\"@type\":\"ImageObject\",\"inLanguage\":\"de\",\"@id\":\"https:\/\/lohnbuchhaltung-bodensee.de\/lb\/#primaryimage\",\"url\":\"https:\/\/lohnbuchhaltung-bodensee.de\/lb\/wp-content\/uploads\/2024\/02\/Screenshot-2024-02-02-154432.png\",\"contentUrl\":\"https:\/\/lohnbuchhaltung-bodensee.de\/lb\/wp-content\/uploads\/2024\/02\/Screenshot-2024-02-02-154432.png\",\"width\":1883,\"height\":811},{\"@type\":\"BreadcrumbList\",\"@id\":\"https:\/\/lohnbuchhaltung-bodensee.de\/lb\/#breadcrumb\",\"itemListElement\":[{\"@type\":\"ListItem\",\"position\":1,\"name\":\"Startseite\",\"item\":\"https:\/\/lohnbuchhaltung-bodensee.de\/lb\/\"},{\"@type\":\"ListItem\",\"position\":2,\"name\":\"Home\"}]},{\"@type\":\"WebSite\",\"@id\":\"https:\/\/lohnbuchhaltung-bodensee.de\/lb\/#website\",\"url\":\"https:\/\/lohnbuchhaltung-bodensee.de\/lb\/\",\"name\":\"Heike Exler Lohnbuchhaltung Bodensee\",\"description\":\"\",\"publisher\":{\"@id\":\"https:\/\/lohnbuchhaltung-bodensee.de\/lb\/#organization\"},\"alternateName\":\"Heike Exler Lohnbuchhaltung Bodensee L\u00f6hne Lohn Abrechnung Baulohn\",\"potentialAction\":[{\"@type\":\"SearchAction\",\"target\":{\"@type\":\"EntryPoint\",\"urlTemplate\":\"https:\/\/lohnbuchhaltung-bodensee.de\/lb\/?s={search_term_string}\"},\"query-input\":{\"@type\":\"PropertyValueSpecification\",\"valueRequired\":true,\"valueName\":\"search_term_string\"}}],\"inLanguage\":\"de\"},{\"@type\":\"Organization\",\"@id\":\"https:\/\/lohnbuchhaltung-bodensee.de\/lb\/#organization\",\"name\":\"Heike Exler Lohnbuchhaltung Bodensee\",\"url\":\"https:\/\/lohnbuchhaltung-bodensee.de\/lb\/\",\"logo\":{\"@type\":\"ImageObject\",\"inLanguage\":\"de\",\"@id\":\"https:\/\/lohnbuchhaltung-bodensee.de\/lb\/#\/schema\/logo\/image\/\",\"url\":\"https:\/\/lohnbuchhaltung-bodensee.de\/lb\/wp-content\/uploads\/2024\/06\/image001.png\",\"contentUrl\":\"https:\/\/lohnbuchhaltung-bodensee.de\/lb\/wp-content\/uploads\/2024\/06\/image001.png\",\"width\":788,\"height\":292,\"caption\":\"Heike Exler Lohnbuchhaltung Bodensee\"},\"image\":{\"@id\":\"https:\/\/lohnbuchhaltung-bodensee.de\/lb\/#\/schema\/logo\/image\/\"}}]}<\/script>\n<!-- \/ Yoast SEO plugin. -->","yoast_head_json":{"title":"Home - Lohnbuchhaltung Bodensee","robots":{"index":"index","follow":"follow","max-snippet":"max-snippet:-1","max-image-preview":"max-image-preview:large","max-video-preview":"max-video-preview:-1"},"canonical":"https:\/\/lohnbuchhaltung-bodensee.de\/lb\/","og_locale":"de_DE","og_type":"article","og_title":"Home - Lohnbuchhaltung Bodensee","og_description":"Dienstleisungen Besonderheiten Team Kontakt Unsere Partner Downloads Herzlich Willkommen bei Heike Exler Lohnbuchhaltung Bodensee Wir bieten Lohnbuchhaltung f\u00fcr die verschiedensten Gewerbe, Betriebe und Kanzleien an.Sicher, zuverl\u00e4ssig und termingerecht erstellen wir die monatlichen Lohn- und Gehaltsabrechnungen f\u00fcr Sie und Ihre Mitarbeiter. Inklusive aller dazugeh\u00f6rigen Anforderungen aus dem Personalwesen. Auf Wunsch komplett digital und papierlos. Durch Remote [&hellip;]","og_url":"https:\/\/lohnbuchhaltung-bodensee.de\/lb\/","og_site_name":"Lohnbuchhaltung Bodensee","article_modified_time":"2024-03-10T07:38:40+00:00","og_image":[{"url":"https:\/\/lohnbuchhaltung-bodensee.de\/lb\/wp-content\/uploads\/2024\/02\/Screenshot-2024-02-02-154432-1024x441.png","type":"","width":"","height":""}],"twitter_card":"summary_large_image","twitter_misc":{"Gesch\u00e4tzte Lesezeit":"1\u00a0Minute"},"schema":{"@context":"https:\/\/schema.org","@graph":[{"@type":"WebPage","@id":"https:\/\/lohnbuchhaltung-bodensee.de\/lb\/","url":"https:\/\/lohnbuchhaltung-bodensee.de\/lb\/","name":"Home - Lohnbuchhaltung Bodensee","isPartOf":{"@id":"https:\/\/lohnbuchhaltung-bodensee.de\/lb\/#website"},"primaryImageOfPage":{"@id":"https:\/\/lohnbuchhaltung-bodensee.de\/lb\/#primaryimage"},"image":{"@id":"https:\/\/lohnbuchhaltung-bodensee.de\/lb\/#primaryimage"},"thumbnailUrl":"https:\/\/lohnbuchhaltung-bodensee.de\/lb\/wp-content\/uploads\/2024\/02\/Screenshot-2024-02-02-154432-1024x441.png","datePublished":"2024-02-02T14:22:25+00:00","dateModified":"2024-03-10T07:38:40+00:00","breadcrumb":{"@id":"https:\/\/lohnbuchhaltung-bodensee.de\/lb\/#breadcrumb"},"inLanguage":"de","potentialAction":[{"@type":"ReadAction","target":["https:\/\/lohnbuchhaltung-bodensee.de\/lb\/"]}]},{"@type":"ImageObject","inLanguage":"de","@id":"https:\/\/lohnbuchhaltung-bodensee.de\/lb\/#primaryimage","url":"https:\/\/lohnbuchhaltung-bodensee.de\/lb\/wp-content\/uploads\/2024\/02\/Screenshot-2024-02-02-154432.png","contentUrl":"https:\/\/lohnbuchhaltung-bodensee.de\/lb\/wp-content\/uploads\/2024\/02\/Screenshot-2024-02-02-154432.png","width":1883,"height":811},{"@type":"BreadcrumbList","@id":"https:\/\/lohnbuchhaltung-bodensee.de\/lb\/#breadcrumb","itemListElement":[{"@type":"ListItem","position":1,"name":"Startseite","item":"https:\/\/lohnbuchhaltung-bodensee.de\/lb\/"},{"@type":"ListItem","position":2,"name":"Home"}]},{"@type":"WebSite","@id":"https:\/\/lohnbuchhaltung-bodensee.de\/lb\/#website","url":"https:\/\/lohnbuchhaltung-bodensee.de\/lb\/","name":"Heike Exler Lohnbuchhaltung Bodensee","description":"","publisher":{"@id":"https:\/\/lohnbuchhaltung-bodensee.de\/lb\/#organization"},"alternateName":"Heike Exler Lohnbuchhaltung Bodensee L\u00f6hne Lohn Abrechnung Baulohn","potentialAction":[{"@type":"SearchAction","target":{"@type":"EntryPoint","urlTemplate":"https:\/\/lohnbuchhaltung-bodensee.de\/lb\/?s={search_term_string}"},"query-input":{"@type":"PropertyValueSpecification","valueRequired":true,"valueName":"search_term_string"}}],"inLanguage":"de"},{"@type":"Organization","@id":"https:\/\/lohnbuchhaltung-bodensee.de\/lb\/#organization","name":"Heike Exler Lohnbuchhaltung Bodensee","url":"https:\/\/lohnbuchhaltung-bodensee.de\/lb\/","logo":{"@type":"ImageObject","inLanguage":"de","@id":"https:\/\/lohnbuchhaltung-bodensee.de\/lb\/#\/schema\/logo\/image\/","url":"https:\/\/lohnbuchhaltung-bodensee.de\/lb\/wp-content\/uploads\/2024\/06\/image001.png","contentUrl":"https:\/\/lohnbuchhaltung-bodensee.de\/lb\/wp-content\/uploads\/2024\/06\/image001.png","width":788,"height":292,"caption":"Heike Exler Lohnbuchhaltung Bodensee"},"image":{"@id":"https:\/\/lohnbuchhaltung-bodensee.de\/lb\/#\/schema\/logo\/image\/"}}]}},"_links":{"self":[{"href":"https:\/\/lohnbuchhaltung-bodensee.de\/lb\/wp-json\/wp\/v2\/pages\/8","targetHints":{"allow":["GET"]}}],"collection":[{"href":"https:\/\/lohnbuchhaltung-bodensee.de\/lb\/wp-json\/wp\/v2\/pages"}],"about":[{"href":"https:\/\/lohnbuchhaltung-bodensee.de\/lb\/wp-json\/wp\/v2\/types\/page"}],"author":[{"embeddable":true,"href":"https:\/\/lohnbuchhaltung-bodensee.de\/lb\/wp-json\/wp\/v2\/users\/2"}],"replies":[{"embeddable":true,"href":"https:\/\/lohnbuchhaltung-bodensee.de\/lb\/wp-json\/wp\/v2\/comments?post=8"}],"version-history":[{"count":122,"href":"https:\/\/lohnbuchhaltung-bodensee.de\/lb\/wp-json\/wp\/v2\/pages\/8\/revisions"}],"predecessor-version":[{"id":697,"href":"https:\/\/lohnbuchhaltung-bodensee.de\/lb\/wp-json\/wp\/v2\/pages\/8\/revisions\/697"}],"wp:attachment":[{"href":"https:\/\/lohnbuchhaltung-bodensee.de\/lb\/wp-json\/wp\/v2\/media?parent=8"}],"curies":[{"name":"wp","href":"https:\/\/api.w.org\/{rel}","templated":true}]}}